{"id":77,"date":"2025-12-06T17:12:29","date_gmt":"2025-12-06T17:12:29","guid":{"rendered":"https:\/\/cardis.se\/?page_id=77"},"modified":"2025-12-11T06:52:27","modified_gmt":"2025-12-11T06:52:27","slug":"stodprogrammet-hjartstoppsoverlevare-se","status":"publish","type":"page","link":"https:\/\/cardis.se\/?page_id=77","title":{"rendered":"St\u00f6dprogrammet"},"content":{"rendered":"\n<div class=\"wp-block-columns is-layout-flex wp-container-core-columns-is-layout-28f84493 wp-block-columns-is-layout-flex\">\n<div class=\"wp-block-column is-layout-flow wp-block-column-is-layout-flow\" style=\"flex-basis:700px\">\n<p><\/p>\n\n\n\n<p>Det digitala st\u00f6dprogrammet <a href=\"http:\/\/www.hjartstoppsoverlevare.se\">www.hjartstoppsoverlevare.se<\/a>       har samskapats med patienter och n\u00e4rst\u00e5ende fr\u00e5n           <a href=\"https:\/\/www.hjart-lung.se\/vart-arbete\/hjart-lungraddning-hlr\/natverket-for-overlevare-och-deras-narstaende\/\">N\u00e4tverket f\u00f6r \u00f6verlevare och deras n\u00e4rst\u00e5ende &#8211; Hj\u00e4rtLung<\/a>        och medicinska experter inom omr\u00e5det. <\/p>\n\n\n\n<p>St\u00f6dprogrammet \u00e4r t\u00e4nkt som ett komplement till den v\u00e5rd och det st\u00f6d som erbjuds fr\u00e5n h\u00e4lso- och sjukv\u00e5rden.<\/p>\n\n\n\n<p>Det inneh\u00e5ller moduler om \u00e5terh\u00e4mtning efter hj\u00e4rtstopp, med fokus p\u00e5 fysiska, psykiska och kognitiva aspekter samt tr\u00f6tthet, relationer, livsstil och \u00e5terg\u00e5ng till vardagen. En s\u00e4rskild modul riktar sig till anh\u00f6riga och barn.<\/p>\n\n\n\n<p>Varje modul inneh\u00e5ller tydlig information, patientber\u00e4ttelser, korta filmer och praktiska \u00f6vningar som mindfulness och andningstekniker. Deltagare kan \u00e4ven skapa en personlig h\u00e4lsoplan och ta del av ett modererat forum f\u00f6r erfarenhetsutbyte.<\/p>\n\n\n\n<p><\/p>\n\n\n\n<p>St\u00f6dprogrammet utv\u00e4rderas under perioden 2025\u20132027 inom ramen f\u00f6r forskningsprojektet&nbsp;<strong>CARDIS<\/strong>. Under studien kr\u00e4vs det inlogg f\u00f6r tillg\u00e5ng, d\u00e4refter kommer det att finnas fritt tillg\u00e4ngligt.<\/p>\n\n\n\n<p><\/p>\n\n\n\n<p><strong>Vill du komma i kontakt med forskargruppen?<\/strong>&nbsp;Mejla oss g\u00e4rna p\u00e5: <a href=\"mailto:kontakt@hjartstoppsoverlevare.se\">kontakt@hjartstoppsoverlevare.se<\/a><\/p>\n\n\n\n<blockquote class=\"wp-block-quote is-layout-flow wp-block-quote-is-layout-flow\">\n<figure class=\"wp-block-image aligncenter size-full\"><img loading=\"lazy\" decoding=\"async\" width=\"830\" height=\"304\" src=\"https:\/\/cardis.se\/wp-content\/uploads\/2025\/12\/Skarmbild-2025-12-10-082034.png\" alt=\"\" class=\"wp-image-382\" style=\"aspect-ratio:2.7304129017499714\" srcset=\"https:\/\/cardis.se\/wp-content\/uploads\/2025\/12\/Skarmbild-2025-12-10-082034.png 830w, https:\/\/cardis.se\/wp-content\/uploads\/2025\/12\/Skarmbild-2025-12-10-082034-300x110.png 300w, https:\/\/cardis.se\/wp-content\/uploads\/2025\/12\/Skarmbild-2025-12-10-082034-768x281.png 768w\" sizes=\"auto, (max-width: 830px) 100vw, 830px\" \/><\/figure>\n<\/blockquote>\n<\/div>\n\n\n\n<div class=\"wp-block-column is-layout-flow wp-block-column-is-layout-flow\" style=\"flex-basis:800px\">\n<figure class=\"wp-block-image size-full is-resized\"><img loading=\"lazy\" decoding=\"async\" width=\"533\" height=\"969\" src=\"https:\/\/cardis.se\/wp-content\/uploads\/2025\/12\/stodprogrammet-1.png\" alt=\"\" class=\"wp-image-80\" style=\"aspect-ratio:0.5500543590044956;object-fit:cover;width:600px\" srcset=\"https:\/\/cardis.se\/wp-content\/uploads\/2025\/12\/stodprogrammet-1.png 533w, https:\/\/cardis.se\/wp-content\/uploads\/2025\/12\/stodprogrammet-1-165x300.png 165w\" sizes=\"auto, (max-width: 533px) 100vw, 533px\" \/><\/figure>\n<\/div>\n<\/div>\n\n\n\n<div class=\"wp-block-columns is-layout-flex wp-container-core-columns-is-layout-28f84493 wp-block-columns-is-layout-flex\">\n<div class=\"wp-block-column is-layout-flow wp-block-column-is-layout-flow\"><\/div>\n\n\n\n<div class=\"wp-block-column is-layout-flow wp-block-column-is-layout-flow\">\n<h3 class=\"wp-block-heading\"><strong>St\u00f6dprogrammet p\u00e5 engelska<\/strong><\/h3>\n\n\n\n<figure class=\"wp-block-image size-full is-resized\"><img loading=\"lazy\" decoding=\"async\" width=\"458\" height=\"883\" src=\"https:\/\/cardis.se\/wp-content\/uploads\/2025\/12\/image-12.png\" alt=\"\" class=\"wp-image-260\" style=\"width:544px;height:auto\" srcset=\"https:\/\/cardis.se\/wp-content\/uploads\/2025\/12\/image-12.png 458w, https:\/\/cardis.se\/wp-content\/uploads\/2025\/12\/image-12-156x300.png 156w\" sizes=\"auto, (max-width: 458px) 100vw, 458px\" \/><\/figure>\n<\/div>\n<\/div>\n","protected":false},"excerpt":{"rendered":"<p>Det digitala st\u00f6dprogrammet www.hjartstoppsoverlevare.se har samskapats med patienter och n\u00e4rst\u00e5ende fr\u00e5n N\u00e4tverket f\u00f6r \u00f6verlevare och deras n\u00e4rst\u00e5ende &#8211; Hj\u00e4rtLung och medicinska experter inom omr\u00e5det. St\u00f6dprogrammet&hellip;<\/p>\n","protected":false},"author":1,"featured_media":0,"parent":0,"menu_order":0,"comment_status":"closed","ping_status":"closed","template":"","meta":{"footnotes":""},"class_list":["post-77","page","type-page","status-publish","hentry"],"yoast_head":"<!-- This site is optimized with the Yoast SEO plugin v26.5 - https:\/\/yoast.com\/wordpress\/plugins\/seo\/ -->\n<title>St\u00f6dprogrammet - CARDIS-Studien<\/title>\n<meta name=\"robots\" content=\"index, follow, max-snippet:-1, max-image-preview:large, max-video-preview:-1\" \/>\n<link rel=\"canonical\" href=\"https:\/\/cardis.se\/?page_id=77\" \/>\n<meta property=\"og:locale\" content=\"sv_SE\" \/>\n<meta property=\"og:type\" content=\"article\" \/>\n<meta property=\"og:title\" content=\"St\u00f6dprogrammet - CARDIS-Studien\" \/>\n<meta property=\"og:description\" content=\"Det digitala st\u00f6dprogrammet www.hjartstoppsoverlevare.se har samskapats med patienter och n\u00e4rst\u00e5ende fr\u00e5n N\u00e4tverket f\u00f6r \u00f6verlevare och deras n\u00e4rst\u00e5ende &#8211; Hj\u00e4rtLung och medicinska experter inom omr\u00e5det. St\u00f6dprogrammet&hellip;\" \/>\n<meta property=\"og:url\" content=\"https:\/\/cardis.se\/?page_id=77\" \/>\n<meta property=\"og:site_name\" content=\"CARDIS-Studien\" \/>\n<meta property=\"article:modified_time\" content=\"2025-12-11T06:52:27+00:00\" \/>\n<meta property=\"og:image\" content=\"https:\/\/cardis.se\/wp-content\/uploads\/2025\/12\/Skarmbild-2025-12-10-082034.png\" \/>\n\t<meta property=\"og:image:width\" content=\"830\" \/>\n\t<meta property=\"og:image:height\" content=\"304\" \/>\n\t<meta property=\"og:image:type\" content=\"image\/png\" \/>\n<meta name=\"twitter:card\" content=\"summary_large_image\" \/>\n<meta name=\"twitter:label1\" content=\"Ber\u00e4knad l\u00e4stid\" \/>\n\t<meta name=\"twitter:data1\" content=\"2 minuter\" \/>\n<script type=\"application\/ld+json\" class=\"yoast-schema-graph\">{\"@context\":\"https:\/\/schema.org\",\"@graph\":[{\"@type\":\"WebPage\",\"@id\":\"https:\/\/cardis.se\/?page_id=77\",\"url\":\"https:\/\/cardis.se\/?page_id=77\",\"name\":\"St\u00f6dprogrammet - CARDIS-Studien\",\"isPartOf\":{\"@id\":\"https:\/\/cardis.se\/#website\"},\"primaryImageOfPage\":{\"@id\":\"https:\/\/cardis.se\/?page_id=77#primaryimage\"},\"image\":{\"@id\":\"https:\/\/cardis.se\/?page_id=77#primaryimage\"},\"thumbnailUrl\":\"https:\/\/cardis.se\/wp-content\/uploads\/2025\/12\/Skarmbild-2025-12-10-082034.png\",\"datePublished\":\"2025-12-06T17:12:29+00:00\",\"dateModified\":\"2025-12-11T06:52:27+00:00\",\"breadcrumb\":{\"@id\":\"https:\/\/cardis.se\/?page_id=77#breadcrumb\"},\"inLanguage\":\"sv-SE\",\"potentialAction\":[{\"@type\":\"ReadAction\",\"target\":[\"https:\/\/cardis.se\/?page_id=77\"]}]},{\"@type\":\"ImageObject\",\"inLanguage\":\"sv-SE\",\"@id\":\"https:\/\/cardis.se\/?page_id=77#primaryimage\",\"url\":\"https:\/\/cardis.se\/wp-content\/uploads\/2025\/12\/Skarmbild-2025-12-10-082034.png\",\"contentUrl\":\"https:\/\/cardis.se\/wp-content\/uploads\/2025\/12\/Skarmbild-2025-12-10-082034.png\",\"width\":830,\"height\":304},{\"@type\":\"BreadcrumbList\",\"@id\":\"https:\/\/cardis.se\/?page_id=77#breadcrumb\",\"itemListElement\":[{\"@type\":\"ListItem\",\"position\":1,\"name\":\"Hem\",\"item\":\"https:\/\/cardis.se\/\"},{\"@type\":\"ListItem\",\"position\":2,\"name\":\"St\u00f6dprogrammet\"}]},{\"@type\":\"WebSite\",\"@id\":\"https:\/\/cardis.se\/#website\",\"url\":\"https:\/\/cardis.se\/\",\"name\":\"CARDIS Studien\",\"description\":\"Vi hj\u00e4lper Hj\u00e4rtstopps\u00f6verlevare till ett b\u00e4ttre liv\",\"publisher\":{\"@id\":\"https:\/\/cardis.se\/#organization\"},\"potentialAction\":[{\"@type\":\"SearchAction\",\"target\":{\"@type\":\"EntryPoint\",\"urlTemplate\":\"https:\/\/cardis.se\/?s={search_term_string}\"},\"query-input\":{\"@type\":\"PropertyValueSpecification\",\"valueRequired\":true,\"valueName\":\"search_term_string\"}}],\"inLanguage\":\"sv-SE\"},{\"@type\":\"Organization\",\"@id\":\"https:\/\/cardis.se\/#organization\",\"name\":\"CARDIS Studien\",\"url\":\"https:\/\/cardis.se\/\",\"logo\":{\"@type\":\"ImageObject\",\"inLanguage\":\"sv-SE\",\"@id\":\"https:\/\/cardis.se\/#\/schema\/logo\/image\/\",\"url\":\"https:\/\/cardis.se\/wp-content\/uploads\/2025\/11\/Cardis-logga-bild-komprimerad-3.png\",\"contentUrl\":\"https:\/\/cardis.se\/wp-content\/uploads\/2025\/11\/Cardis-logga-bild-komprimerad-3.png\",\"width\":279,\"height\":243,\"caption\":\"CARDIS Studien\"},\"image\":{\"@id\":\"https:\/\/cardis.se\/#\/schema\/logo\/image\/\"}}]}<\/script>\n<!-- \/ Yoast SEO plugin. -->","yoast_head_json":{"title":"St\u00f6dprogrammet - CARDIS-Studien","robots":{"index":"index","follow":"follow","max-snippet":"max-snippet:-1","max-image-preview":"max-image-preview:large","max-video-preview":"max-video-preview:-1"},"canonical":"https:\/\/cardis.se\/?page_id=77","og_locale":"sv_SE","og_type":"article","og_title":"St\u00f6dprogrammet - CARDIS-Studien","og_description":"Det digitala st\u00f6dprogrammet www.hjartstoppsoverlevare.se har samskapats med patienter och n\u00e4rst\u00e5ende fr\u00e5n N\u00e4tverket f\u00f6r \u00f6verlevare och deras n\u00e4rst\u00e5ende &#8211; Hj\u00e4rtLung och medicinska experter inom omr\u00e5det. St\u00f6dprogrammet&hellip;","og_url":"https:\/\/cardis.se\/?page_id=77","og_site_name":"CARDIS-Studien","article_modified_time":"2025-12-11T06:52:27+00:00","og_image":[{"width":830,"height":304,"url":"https:\/\/cardis.se\/wp-content\/uploads\/2025\/12\/Skarmbild-2025-12-10-082034.png","type":"image\/png"}],"twitter_card":"summary_large_image","twitter_misc":{"Ber\u00e4knad l\u00e4stid":"2 minuter"},"schema":{"@context":"https:\/\/schema.org","@graph":[{"@type":"WebPage","@id":"https:\/\/cardis.se\/?page_id=77","url":"https:\/\/cardis.se\/?page_id=77","name":"St\u00f6dprogrammet - CARDIS-Studien","isPartOf":{"@id":"https:\/\/cardis.se\/#website"},"primaryImageOfPage":{"@id":"https:\/\/cardis.se\/?page_id=77#primaryimage"},"image":{"@id":"https:\/\/cardis.se\/?page_id=77#primaryimage"},"thumbnailUrl":"https:\/\/cardis.se\/wp-content\/uploads\/2025\/12\/Skarmbild-2025-12-10-082034.png","datePublished":"2025-12-06T17:12:29+00:00","dateModified":"2025-12-11T06:52:27+00:00","breadcrumb":{"@id":"https:\/\/cardis.se\/?page_id=77#breadcrumb"},"inLanguage":"sv-SE","potentialAction":[{"@type":"ReadAction","target":["https:\/\/cardis.se\/?page_id=77"]}]},{"@type":"ImageObject","inLanguage":"sv-SE","@id":"https:\/\/cardis.se\/?page_id=77#primaryimage","url":"https:\/\/cardis.se\/wp-content\/uploads\/2025\/12\/Skarmbild-2025-12-10-082034.png","contentUrl":"https:\/\/cardis.se\/wp-content\/uploads\/2025\/12\/Skarmbild-2025-12-10-082034.png","width":830,"height":304},{"@type":"BreadcrumbList","@id":"https:\/\/cardis.se\/?page_id=77#breadcrumb","itemListElement":[{"@type":"ListItem","position":1,"name":"Hem","item":"https:\/\/cardis.se\/"},{"@type":"ListItem","position":2,"name":"St\u00f6dprogrammet"}]},{"@type":"WebSite","@id":"https:\/\/cardis.se\/#website","url":"https:\/\/cardis.se\/","name":"CARDIS Studien","description":"Vi hj\u00e4lper Hj\u00e4rtstopps\u00f6verlevare till ett b\u00e4ttre liv","publisher":{"@id":"https:\/\/cardis.se\/#organization"},"potentialAction":[{"@type":"SearchAction","target":{"@type":"EntryPoint","urlTemplate":"https:\/\/cardis.se\/?s={search_term_string}"},"query-input":{"@type":"PropertyValueSpecification","valueRequired":true,"valueName":"search_term_string"}}],"inLanguage":"sv-SE"},{"@type":"Organization","@id":"https:\/\/cardis.se\/#organization","name":"CARDIS Studien","url":"https:\/\/cardis.se\/","logo":{"@type":"ImageObject","inLanguage":"sv-SE","@id":"https:\/\/cardis.se\/#\/schema\/logo\/image\/","url":"https:\/\/cardis.se\/wp-content\/uploads\/2025\/11\/Cardis-logga-bild-komprimerad-3.png","contentUrl":"https:\/\/cardis.se\/wp-content\/uploads\/2025\/11\/Cardis-logga-bild-komprimerad-3.png","width":279,"height":243,"caption":"CARDIS Studien"},"image":{"@id":"https:\/\/cardis.se\/#\/schema\/logo\/image\/"}}]}},"_links":{"self":[{"href":"https:\/\/cardis.se\/index.php?rest_route=\/wp\/v2\/pages\/77","targetHints":{"allow":["GET"]}}],"collection":[{"href":"https:\/\/cardis.se\/index.php?rest_route=\/wp\/v2\/pages"}],"about":[{"href":"https:\/\/cardis.se\/index.php?rest_route=\/wp\/v2\/types\/page"}],"author":[{"embeddable":true,"href":"https:\/\/cardis.se\/index.php?rest_route=\/wp\/v2\/users\/1"}],"replies":[{"embeddable":true,"href":"https:\/\/cardis.se\/index.php?rest_route=%2Fwp%2Fv2%2Fcomments&post=77"}],"version-history":[{"count":14,"href":"https:\/\/cardis.se\/index.php?rest_route=\/wp\/v2\/pages\/77\/revisions"}],"predecessor-version":[{"id":387,"href":"https:\/\/cardis.se\/index.php?rest_route=\/wp\/v2\/pages\/77\/revisions\/387"}],"wp:attachment":[{"href":"https:\/\/cardis.se\/index.php?rest_route=%2Fwp%2Fv2%2Fmedia&parent=77"}],"curies":[{"name":"wp","href":"https:\/\/api.w.org\/{rel}","templated":true}]}}