{"id":64,"date":"2025-12-06T16:29:53","date_gmt":"2025-12-06T16:29:53","guid":{"rendered":"https:\/\/cardis.se\/?page_id=64"},"modified":"2025-12-19T09:18:48","modified_gmt":"2025-12-19T08:18:48","slug":"cardis-studien","status":"publish","type":"page","link":"https:\/\/cardis.se\/?page_id=64","title":{"rendered":"CARDIS studien"},"content":{"rendered":"\n<p>Studien koordineras av Region \u00d6sterg\u00f6tland och Link\u00f6pings universitet. Syftet med studien \u00e4r att utv\u00e4rdera om tillg\u00e5ng till en digital intervention, levererad via ett sj\u00e4lvguidat webbaserat st\u00f6dprogram f\u00f6rb\u00e4ttrar det allm\u00e4nna v\u00e4lbefinnandet och h\u00e4lsan j\u00e4mf\u00f6rt med enbart sedvanlig v\u00e5rd. RCT studien f\u00f6reg\u00e5s av en mindre pilotstudie som genomf\u00f6rs i \u00d6sterg\u00f6tland med inklusionsstart i november 2025.<\/p>\n\n\n\n<p><strong><em>Inklusionskriterier <\/em><\/strong>\u00e4r patienter \u00f6ver 18 \u00e5r som \u00f6verlevt ett hj\u00e4rtstopp 1-3 m\u00e5nader f\u00f6re inklusion och som har tillg\u00e5ng till en internetuppkopplad enhet.<\/p>\n\n\n\n<p><strong><em>Exklusionskriterier<\/em> <\/strong>\u00e4r patienter med otillr\u00e4cklig spr\u00e5klig eller kognitiv f\u00f6rm\u00e5ga att ta del av interventionen eller besvara enk\u00e4ter utformade p\u00e5 svenska, eller som deltar i en samtidig studie d\u00e4r patientrapporterade utfallsm\u00e5tt (PROMs) samlas in.<\/p>\n\n\n\n<p><strong>Projektbeskrivning<\/strong><\/p>\n\n\n\n<p>Huvudstudien planeras att starta rekrytering i september 2026 och p\u00e5g\u00e5 under tv\u00e5 \u00e5r med inklusion fr\u00e5n sex olika regioner. Totalt kommer 120 patienter att randomiseras till antingen interventions- eller kontrollgrupp. <\/p>\n\n\n\n<p>Patienter som randomiseras till interventionsgruppen kommer f\u00e5 tillg\u00e5ng till det digitala st\u00f6dprogrammet under 3 m\u00e5nader. De som randomiseras till kontrollgruppen kommer erh\u00e5lla standardv\u00e5rd men f\u00e5r tillg\u00e5ng till samma st\u00f6dprogram efter att studien avslutats. Data kommer samlats in vid studiestart, 3 och 6 m\u00e5nader.<\/p>\n\n\n\n<figure class=\"wp-block-image size-large\"><img loading=\"lazy\" decoding=\"async\" width=\"1024\" height=\"191\" src=\"https:\/\/cardis.se\/wp-content\/uploads\/2025\/12\/image-1024x191.png\" alt=\"\" class=\"wp-image-65\" srcset=\"https:\/\/cardis.se\/wp-content\/uploads\/2025\/12\/image-1024x191.png 1024w, https:\/\/cardis.se\/wp-content\/uploads\/2025\/12\/image-300x56.png 300w, https:\/\/cardis.se\/wp-content\/uploads\/2025\/12\/image-768x143.png 768w, https:\/\/cardis.se\/wp-content\/uploads\/2025\/12\/image.png 1057w\" sizes=\"auto, (max-width: 1024px) 100vw, 1024px\" \/><\/figure>\n\n\n\n<p><strong>Processutv\u00e4rdering<\/strong><strong><\/strong><\/p>\n\n\n\n<p>Som en del av CARDIS-studien genomf\u00f6rs en processutv\u00e4rdering f\u00f6r att f\u00f6rst\u00e5 hur det digitala st\u00f6dprogrammet anv\u00e4nds och upplevs. Vi f\u00f6ljer bland annat deltagarnas engagemang i programmet under interventionsperioden, deras svarsfrekvens vid uppf\u00f6ljning, samt skillnader mellan dem som deltar och dem som avb\u00f6jer eller avbryter. Vi unders\u00f6ker ocks\u00e5 hur f\u00f6rm\u00e5gan att f\u00f6rst\u00e5 och anv\u00e4nda h\u00e4lsoinformation p\u00e5verkar engagemanget, p\u00e5 vilket s\u00e4tt programmet anv\u00e4nds, och vilka erfarenheter och upplevd nytta deltagarna rapporterar.<\/p>\n\n\n\n<p>Vill du l\u00e4sa mer om studien s\u00e5 klicka p\u00e5 l\u00e4nken <a href=\"https:\/\/www.clinicaltrials.gov\/study\/NCT07240714?cond=cardis&amp;rank=1%23participation-criteria\">www.clinicaltrials<\/a> .<\/p>\n\n\n\n<p>Powerpointpresenation om studien p\u00e5 svenska och engelska.<\/p>\n\n\n\n<div class=\"wp-block-file\"><a id=\"wp-block-file--media-a5a6f212-301b-458c-8499-adb88a7043f3\" href=\"https:\/\/cardis.se\/wp-content\/uploads\/2025\/12\/CARDIS-studien-6.pptx\">CARDIS-studien<\/a><a href=\"https:\/\/cardis.se\/wp-content\/uploads\/2025\/12\/CARDIS-studien-6.pptx\" class=\"wp-block-file__button wp-element-button\" download aria-describedby=\"wp-block-file--media-a5a6f212-301b-458c-8499-adb88a7043f3\">Ladda ner<\/a><\/div>\n\n\n\n<div class=\"wp-block-file\"><a id=\"wp-block-file--media-da9c2e94-38a6-40f8-add2-854a65c193d8\" href=\"https:\/\/cardis.se\/wp-content\/uploads\/2025\/12\/CARDIS-study-1-9.pptx\">CARDIS-study<\/a><a href=\"https:\/\/cardis.se\/wp-content\/uploads\/2025\/12\/CARDIS-study-1-9.pptx\" class=\"wp-block-file__button wp-element-button\" download aria-describedby=\"wp-block-file--media-da9c2e94-38a6-40f8-add2-854a65c193d8\">Ladda ner<\/a><\/div>\n","protected":false},"excerpt":{"rendered":"<p>Studien koordineras av Region \u00d6sterg\u00f6tland och Link\u00f6pings universitet. Syftet med studien \u00e4r att utv\u00e4rdera om tillg\u00e5ng till en digital intervention, levererad via ett sj\u00e4lvguidat webbaserat&hellip;<\/p>\n","protected":false},"author":1,"featured_media":0,"parent":0,"menu_order":0,"comment_status":"closed","ping_status":"closed","template":"","meta":{"footnotes":""},"class_list":["post-64","page","type-page","status-publish","hentry"],"yoast_head":"<!-- This site is optimized with the Yoast SEO plugin v26.5 - https:\/\/yoast.com\/wordpress\/plugins\/seo\/ -->\n<title>CARDIS studien - CARDIS-Studien<\/title>\n<meta name=\"robots\" content=\"index, follow, max-snippet:-1, max-image-preview:large, max-video-preview:-1\" \/>\n<link rel=\"canonical\" href=\"https:\/\/cardis.se\/?page_id=64\" \/>\n<meta property=\"og:locale\" content=\"sv_SE\" \/>\n<meta property=\"og:type\" content=\"article\" \/>\n<meta property=\"og:title\" content=\"CARDIS studien - CARDIS-Studien\" \/>\n<meta property=\"og:description\" content=\"Studien koordineras av Region \u00d6sterg\u00f6tland och Link\u00f6pings universitet. Syftet med studien \u00e4r att utv\u00e4rdera om tillg\u00e5ng till en digital intervention, levererad via ett sj\u00e4lvguidat webbaserat&hellip;\" \/>\n<meta property=\"og:url\" content=\"https:\/\/cardis.se\/?page_id=64\" \/>\n<meta property=\"og:site_name\" content=\"CARDIS-Studien\" \/>\n<meta property=\"article:modified_time\" content=\"2025-12-19T08:18:48+00:00\" \/>\n<meta property=\"og:image\" content=\"https:\/\/cardis.se\/wp-content\/uploads\/2025\/12\/image.png\" \/>\n\t<meta property=\"og:image:width\" content=\"1057\" \/>\n\t<meta property=\"og:image:height\" content=\"197\" \/>\n\t<meta property=\"og:image:type\" content=\"image\/png\" \/>\n<meta name=\"twitter:card\" content=\"summary_large_image\" \/>\n<meta name=\"twitter:label1\" content=\"Ber\u00e4knad l\u00e4stid\" \/>\n\t<meta name=\"twitter:data1\" content=\"2 minuter\" \/>\n<script type=\"application\/ld+json\" class=\"yoast-schema-graph\">{\"@context\":\"https:\/\/schema.org\",\"@graph\":[{\"@type\":\"WebPage\",\"@id\":\"https:\/\/cardis.se\/?page_id=64\",\"url\":\"https:\/\/cardis.se\/?page_id=64\",\"name\":\"CARDIS studien - CARDIS-Studien\",\"isPartOf\":{\"@id\":\"https:\/\/cardis.se\/#website\"},\"primaryImageOfPage\":{\"@id\":\"https:\/\/cardis.se\/?page_id=64#primaryimage\"},\"image\":{\"@id\":\"https:\/\/cardis.se\/?page_id=64#primaryimage\"},\"thumbnailUrl\":\"https:\/\/cardis.se\/wp-content\/uploads\/2025\/12\/image-1024x191.png\",\"datePublished\":\"2025-12-06T16:29:53+00:00\",\"dateModified\":\"2025-12-19T08:18:48+00:00\",\"breadcrumb\":{\"@id\":\"https:\/\/cardis.se\/?page_id=64#breadcrumb\"},\"inLanguage\":\"sv-SE\",\"potentialAction\":[{\"@type\":\"ReadAction\",\"target\":[\"https:\/\/cardis.se\/?page_id=64\"]}]},{\"@type\":\"ImageObject\",\"inLanguage\":\"sv-SE\",\"@id\":\"https:\/\/cardis.se\/?page_id=64#primaryimage\",\"url\":\"https:\/\/cardis.se\/wp-content\/uploads\/2025\/12\/image.png\",\"contentUrl\":\"https:\/\/cardis.se\/wp-content\/uploads\/2025\/12\/image.png\",\"width\":1057,\"height\":197},{\"@type\":\"BreadcrumbList\",\"@id\":\"https:\/\/cardis.se\/?page_id=64#breadcrumb\",\"itemListElement\":[{\"@type\":\"ListItem\",\"position\":1,\"name\":\"Hem\",\"item\":\"https:\/\/cardis.se\/\"},{\"@type\":\"ListItem\",\"position\":2,\"name\":\"CARDIS studien\"}]},{\"@type\":\"WebSite\",\"@id\":\"https:\/\/cardis.se\/#website\",\"url\":\"https:\/\/cardis.se\/\",\"name\":\"CARDIS Studien\",\"description\":\"Vi hj\u00e4lper Hj\u00e4rtstopps\u00f6verlevare till ett b\u00e4ttre liv\",\"publisher\":{\"@id\":\"https:\/\/cardis.se\/#organization\"},\"potentialAction\":[{\"@type\":\"SearchAction\",\"target\":{\"@type\":\"EntryPoint\",\"urlTemplate\":\"https:\/\/cardis.se\/?s={search_term_string}\"},\"query-input\":{\"@type\":\"PropertyValueSpecification\",\"valueRequired\":true,\"valueName\":\"search_term_string\"}}],\"inLanguage\":\"sv-SE\"},{\"@type\":\"Organization\",\"@id\":\"https:\/\/cardis.se\/#organization\",\"name\":\"CARDIS Studien\",\"url\":\"https:\/\/cardis.se\/\",\"logo\":{\"@type\":\"ImageObject\",\"inLanguage\":\"sv-SE\",\"@id\":\"https:\/\/cardis.se\/#\/schema\/logo\/image\/\",\"url\":\"https:\/\/cardis.se\/wp-content\/uploads\/2025\/11\/Cardis-logga-bild-komprimerad-3.png\",\"contentUrl\":\"https:\/\/cardis.se\/wp-content\/uploads\/2025\/11\/Cardis-logga-bild-komprimerad-3.png\",\"width\":279,\"height\":243,\"caption\":\"CARDIS Studien\"},\"image\":{\"@id\":\"https:\/\/cardis.se\/#\/schema\/logo\/image\/\"}}]}<\/script>\n<!-- \/ Yoast SEO plugin. -->","yoast_head_json":{"title":"CARDIS studien - CARDIS-Studien","robots":{"index":"index","follow":"follow","max-snippet":"max-snippet:-1","max-image-preview":"max-image-preview:large","max-video-preview":"max-video-preview:-1"},"canonical":"https:\/\/cardis.se\/?page_id=64","og_locale":"sv_SE","og_type":"article","og_title":"CARDIS studien - CARDIS-Studien","og_description":"Studien koordineras av Region \u00d6sterg\u00f6tland och Link\u00f6pings universitet. Syftet med studien \u00e4r att utv\u00e4rdera om tillg\u00e5ng till en digital intervention, levererad via ett sj\u00e4lvguidat webbaserat&hellip;","og_url":"https:\/\/cardis.se\/?page_id=64","og_site_name":"CARDIS-Studien","article_modified_time":"2025-12-19T08:18:48+00:00","og_image":[{"width":1057,"height":197,"url":"https:\/\/cardis.se\/wp-content\/uploads\/2025\/12\/image.png","type":"image\/png"}],"twitter_card":"summary_large_image","twitter_misc":{"Ber\u00e4knad l\u00e4stid":"2 minuter"},"schema":{"@context":"https:\/\/schema.org","@graph":[{"@type":"WebPage","@id":"https:\/\/cardis.se\/?page_id=64","url":"https:\/\/cardis.se\/?page_id=64","name":"CARDIS studien - CARDIS-Studien","isPartOf":{"@id":"https:\/\/cardis.se\/#website"},"primaryImageOfPage":{"@id":"https:\/\/cardis.se\/?page_id=64#primaryimage"},"image":{"@id":"https:\/\/cardis.se\/?page_id=64#primaryimage"},"thumbnailUrl":"https:\/\/cardis.se\/wp-content\/uploads\/2025\/12\/image-1024x191.png","datePublished":"2025-12-06T16:29:53+00:00","dateModified":"2025-12-19T08:18:48+00:00","breadcrumb":{"@id":"https:\/\/cardis.se\/?page_id=64#breadcrumb"},"inLanguage":"sv-SE","potentialAction":[{"@type":"ReadAction","target":["https:\/\/cardis.se\/?page_id=64"]}]},{"@type":"ImageObject","inLanguage":"sv-SE","@id":"https:\/\/cardis.se\/?page_id=64#primaryimage","url":"https:\/\/cardis.se\/wp-content\/uploads\/2025\/12\/image.png","contentUrl":"https:\/\/cardis.se\/wp-content\/uploads\/2025\/12\/image.png","width":1057,"height":197},{"@type":"BreadcrumbList","@id":"https:\/\/cardis.se\/?page_id=64#breadcrumb","itemListElement":[{"@type":"ListItem","position":1,"name":"Hem","item":"https:\/\/cardis.se\/"},{"@type":"ListItem","position":2,"name":"CARDIS studien"}]},{"@type":"WebSite","@id":"https:\/\/cardis.se\/#website","url":"https:\/\/cardis.se\/","name":"CARDIS Studien","description":"Vi hj\u00e4lper Hj\u00e4rtstopps\u00f6verlevare till ett b\u00e4ttre liv","publisher":{"@id":"https:\/\/cardis.se\/#organization"},"potentialAction":[{"@type":"SearchAction","target":{"@type":"EntryPoint","urlTemplate":"https:\/\/cardis.se\/?s={search_term_string}"},"query-input":{"@type":"PropertyValueSpecification","valueRequired":true,"valueName":"search_term_string"}}],"inLanguage":"sv-SE"},{"@type":"Organization","@id":"https:\/\/cardis.se\/#organization","name":"CARDIS Studien","url":"https:\/\/cardis.se\/","logo":{"@type":"ImageObject","inLanguage":"sv-SE","@id":"https:\/\/cardis.se\/#\/schema\/logo\/image\/","url":"https:\/\/cardis.se\/wp-content\/uploads\/2025\/11\/Cardis-logga-bild-komprimerad-3.png","contentUrl":"https:\/\/cardis.se\/wp-content\/uploads\/2025\/11\/Cardis-logga-bild-komprimerad-3.png","width":279,"height":243,"caption":"CARDIS Studien"},"image":{"@id":"https:\/\/cardis.se\/#\/schema\/logo\/image\/"}}]}},"_links":{"self":[{"href":"https:\/\/cardis.se\/index.php?rest_route=\/wp\/v2\/pages\/64","targetHints":{"allow":["GET"]}}],"collection":[{"href":"https:\/\/cardis.se\/index.php?rest_route=\/wp\/v2\/pages"}],"about":[{"href":"https:\/\/cardis.se\/index.php?rest_route=\/wp\/v2\/types\/page"}],"author":[{"embeddable":true,"href":"https:\/\/cardis.se\/index.php?rest_route=\/wp\/v2\/users\/1"}],"replies":[{"embeddable":true,"href":"https:\/\/cardis.se\/index.php?rest_route=%2Fwp%2Fv2%2Fcomments&post=64"}],"version-history":[{"count":12,"href":"https:\/\/cardis.se\/index.php?rest_route=\/wp\/v2\/pages\/64\/revisions"}],"predecessor-version":[{"id":418,"href":"https:\/\/cardis.se\/index.php?rest_route=\/wp\/v2\/pages\/64\/revisions\/418"}],"wp:attachment":[{"href":"https:\/\/cardis.se\/index.php?rest_route=%2Fwp%2Fv2%2Fmedia&parent=64"}],"curies":[{"name":"wp","href":"https:\/\/api.w.org\/{rel}","templated":true}]}}