{"id":159,"date":"2025-12-07T13:56:18","date_gmt":"2025-12-07T13:56:18","guid":{"rendered":"https:\/\/cardis.se\/?page_id=159"},"modified":"2025-12-19T09:25:38","modified_gmt":"2025-12-19T08:25:38","slug":"presentationer","status":"publish","type":"page","link":"https:\/\/cardis.se\/?page_id=159","title":{"rendered":"Presentationer"},"content":{"rendered":"\n<h2 class=\"wp-block-heading\">Powerpoint om CARDIS-studien<\/h2>\n\n\n\n<div class=\"wp-block-file\"><a id=\"wp-block-file--media-ee94252e-4416-412b-ae97-c70f0e440a95\" href=\"https:\/\/cardis.se\/wp-content\/uploads\/2025\/12\/CARDIS-studien-7.pptx\">PowerPoint CARDIS-studien<\/a><a href=\"https:\/\/cardis.se\/wp-content\/uploads\/2025\/12\/CARDIS-studien-7.pptx\" class=\"wp-block-file__button wp-element-button\" download aria-describedby=\"wp-block-file--media-ee94252e-4416-412b-ae97-c70f0e440a95\">Ladda ner<\/a><\/div>\n\n\n\n<blockquote class=\"wp-block-quote has-text-align-left is-layout-flow wp-block-quote-is-layout-flow\"><\/blockquote>\n\n\n\n<div class=\"wp-block-file\"><a id=\"wp-block-file--media-e72e8edd-9df6-4f62-afd0-f5288d24ddb2\" href=\"https:\/\/cardis.se\/wp-content\/uploads\/2025\/12\/CARDIS-study-1-10.pptx\">Powerpoint in CARDIS-study<\/a><a href=\"https:\/\/cardis.se\/wp-content\/uploads\/2025\/12\/CARDIS-study-1-10.pptx\" class=\"wp-block-file__button wp-element-button\" download aria-describedby=\"wp-block-file--media-e72e8edd-9df6-4f62-afd0-f5288d24ddb2\">Ladda ner<\/a><\/div>\n\n\n\n<div class=\"wp-block-columns is-layout-flex wp-container-core-columns-is-layout-28f84493 wp-block-columns-is-layout-flex\">\n<div class=\"wp-block-column is-layout-flow wp-block-column-is-layout-flow\">\n<div data-wp-interactive=\"core\/file\" class=\"wp-block-file\"><object data-wp-bind--hidden=\"!state.hasPdfPreview\" hidden class=\"wp-block-file__embed\" data=\"https:\/\/cardis.se\/wp-content\/uploads\/2025\/12\/CARDIS-studien-2.pdf\" type=\"application\/pdf\" style=\"width:100%;height:600px\" aria-label=\"Inb\u00e4ddning av CARDIS-studien.\"><\/object><a id=\"wp-block-file--media-66fe2734-19cd-41a6-a709-1ecc9c437c79\" href=\"https:\/\/cardis.se\/wp-content\/uploads\/2025\/12\/CARDIS-studien-2.pdf\">CARDIS-studien<\/a><a href=\"https:\/\/cardis.se\/wp-content\/uploads\/2025\/12\/CARDIS-studien-2.pdf\" class=\"wp-block-file__button wp-element-button\" download aria-describedby=\"wp-block-file--media-66fe2734-19cd-41a6-a709-1ecc9c437c79\">Ladda ner<\/a><\/div>\n<\/div>\n<\/div>\n\n\n\n<h2 class=\"wp-block-heading\">Presentation fr\u00e5n ERC Kongress RESUSCITATION Oktober 2025<\/h2>\n\n\n\n<div class=\"wp-block-file\"><a id=\"wp-block-file--media-cb27fc69-fd3d-435b-8605-97f9b7a5e331\" href=\"https:\/\/cardis.se\/wp-content\/uploads\/2025\/12\/ERC-2025-Cardiac-arrest-survivors-perspectives-on-a-web-based-platform.pptx\">Powerpoint fr\u00e5n ERC 2025 Cardiac arrest survivors perspectives on a web-based platform<\/a><a href=\"https:\/\/cardis.se\/wp-content\/uploads\/2025\/12\/ERC-2025-Cardiac-arrest-survivors-perspectives-on-a-web-based-platform.pptx\" class=\"wp-block-file__button wp-element-button\" download aria-describedby=\"wp-block-file--media-cb27fc69-fd3d-435b-8605-97f9b7a5e331\">Ladda ner<\/a><\/div>\n\n\n\n<div data-wp-interactive=\"core\/file\" class=\"wp-block-file\"><object data-wp-bind--hidden=\"!state.hasPdfPreview\" hidden class=\"wp-block-file__embed\" data=\"https:\/\/cardis.se\/wp-content\/uploads\/2025\/12\/ERC-2025-Cardiac-arrest-survivors-perspectives-on-a-web-based-platform.pdf\" type=\"application\/pdf\" style=\"width:100%;height:600px\" aria-label=\"Inb\u00e4ddning av PDF ERC 2025 Cardiac arrest survivors perspectives on a web-based platform.\"><\/object><a id=\"wp-block-file--media-f538428c-3563-4167-8ad1-d3977bd7953d\" href=\"https:\/\/cardis.se\/wp-content\/uploads\/2025\/12\/ERC-2025-Cardiac-arrest-survivors-perspectives-on-a-web-based-platform.pdf\">PDF ERC 2025 Cardiac arrest survivors perspectives on a web-based platform<\/a><a href=\"https:\/\/cardis.se\/wp-content\/uploads\/2025\/12\/ERC-2025-Cardiac-arrest-survivors-perspectives-on-a-web-based-platform.pdf\" class=\"wp-block-file__button wp-element-button\" download aria-describedby=\"wp-block-file--media-f538428c-3563-4167-8ad1-d3977bd7953d\">Ladda ner<\/a><\/div>\n\n\n\n<p><\/p>\n","protected":false},"excerpt":{"rendered":"<p>Powerpoint om CARDIS-studien Presentation fr\u00e5n ERC Kongress RESUSCITATION Oktober 2025<\/p>\n","protected":false},"author":1,"featured_media":0,"parent":0,"menu_order":0,"comment_status":"closed","ping_status":"closed","template":"","meta":{"footnotes":""},"class_list":["post-159","page","type-page","status-publish","hentry"],"yoast_head":"<!-- This site is optimized with the Yoast SEO plugin v26.5 - https:\/\/yoast.com\/wordpress\/plugins\/seo\/ -->\n<title>Presentationer - CARDIS-Studien<\/title>\n<meta name=\"robots\" content=\"index, follow, max-snippet:-1, max-image-preview:large, max-video-preview:-1\" \/>\n<link rel=\"canonical\" href=\"https:\/\/cardis.se\/?page_id=159\" \/>\n<meta property=\"og:locale\" content=\"sv_SE\" \/>\n<meta property=\"og:type\" content=\"article\" \/>\n<meta property=\"og:title\" content=\"Presentationer - CARDIS-Studien\" \/>\n<meta property=\"og:description\" content=\"Powerpoint om CARDIS-studien Presentation fr\u00e5n ERC Kongress RESUSCITATION Oktober 2025\" \/>\n<meta property=\"og:url\" content=\"https:\/\/cardis.se\/?page_id=159\" \/>\n<meta property=\"og:site_name\" content=\"CARDIS-Studien\" \/>\n<meta property=\"article:modified_time\" content=\"2025-12-19T08:25:38+00:00\" \/>\n<meta name=\"twitter:card\" content=\"summary_large_image\" \/>\n<meta name=\"twitter:label1\" content=\"Ber\u00e4knad l\u00e4stid\" \/>\n\t<meta name=\"twitter:data1\" content=\"1 minut\" \/>\n<script type=\"application\/ld+json\" class=\"yoast-schema-graph\">{\"@context\":\"https:\/\/schema.org\",\"@graph\":[{\"@type\":\"WebPage\",\"@id\":\"https:\/\/cardis.se\/?page_id=159\",\"url\":\"https:\/\/cardis.se\/?page_id=159\",\"name\":\"Presentationer - CARDIS-Studien\",\"isPartOf\":{\"@id\":\"https:\/\/cardis.se\/#website\"},\"datePublished\":\"2025-12-07T13:56:18+00:00\",\"dateModified\":\"2025-12-19T08:25:38+00:00\",\"breadcrumb\":{\"@id\":\"https:\/\/cardis.se\/?page_id=159#breadcrumb\"},\"inLanguage\":\"sv-SE\",\"potentialAction\":[{\"@type\":\"ReadAction\",\"target\":[\"https:\/\/cardis.se\/?page_id=159\"]}]},{\"@type\":\"BreadcrumbList\",\"@id\":\"https:\/\/cardis.se\/?page_id=159#breadcrumb\",\"itemListElement\":[{\"@type\":\"ListItem\",\"position\":1,\"name\":\"Hem\",\"item\":\"https:\/\/cardis.se\/\"},{\"@type\":\"ListItem\",\"position\":2,\"name\":\"Presentationer\"}]},{\"@type\":\"WebSite\",\"@id\":\"https:\/\/cardis.se\/#website\",\"url\":\"https:\/\/cardis.se\/\",\"name\":\"CARDIS Studien\",\"description\":\"Vi hj\u00e4lper Hj\u00e4rtstopps\u00f6verlevare till ett b\u00e4ttre liv\",\"publisher\":{\"@id\":\"https:\/\/cardis.se\/#organization\"},\"potentialAction\":[{\"@type\":\"SearchAction\",\"target\":{\"@type\":\"EntryPoint\",\"urlTemplate\":\"https:\/\/cardis.se\/?s={search_term_string}\"},\"query-input\":{\"@type\":\"PropertyValueSpecification\",\"valueRequired\":true,\"valueName\":\"search_term_string\"}}],\"inLanguage\":\"sv-SE\"},{\"@type\":\"Organization\",\"@id\":\"https:\/\/cardis.se\/#organization\",\"name\":\"CARDIS Studien\",\"url\":\"https:\/\/cardis.se\/\",\"logo\":{\"@type\":\"ImageObject\",\"inLanguage\":\"sv-SE\",\"@id\":\"https:\/\/cardis.se\/#\/schema\/logo\/image\/\",\"url\":\"https:\/\/cardis.se\/wp-content\/uploads\/2025\/11\/Cardis-logga-bild-komprimerad-3.png\",\"contentUrl\":\"https:\/\/cardis.se\/wp-content\/uploads\/2025\/11\/Cardis-logga-bild-komprimerad-3.png\",\"width\":279,\"height\":243,\"caption\":\"CARDIS Studien\"},\"image\":{\"@id\":\"https:\/\/cardis.se\/#\/schema\/logo\/image\/\"}}]}<\/script>\n<!-- \/ Yoast SEO plugin. -->","yoast_head_json":{"title":"Presentationer - CARDIS-Studien","robots":{"index":"index","follow":"follow","max-snippet":"max-snippet:-1","max-image-preview":"max-image-preview:large","max-video-preview":"max-video-preview:-1"},"canonical":"https:\/\/cardis.se\/?page_id=159","og_locale":"sv_SE","og_type":"article","og_title":"Presentationer - CARDIS-Studien","og_description":"Powerpoint om CARDIS-studien Presentation fr\u00e5n ERC Kongress RESUSCITATION Oktober 2025","og_url":"https:\/\/cardis.se\/?page_id=159","og_site_name":"CARDIS-Studien","article_modified_time":"2025-12-19T08:25:38+00:00","twitter_card":"summary_large_image","twitter_misc":{"Ber\u00e4knad l\u00e4stid":"1 minut"},"schema":{"@context":"https:\/\/schema.org","@graph":[{"@type":"WebPage","@id":"https:\/\/cardis.se\/?page_id=159","url":"https:\/\/cardis.se\/?page_id=159","name":"Presentationer - CARDIS-Studien","isPartOf":{"@id":"https:\/\/cardis.se\/#website"},"datePublished":"2025-12-07T13:56:18+00:00","dateModified":"2025-12-19T08:25:38+00:00","breadcrumb":{"@id":"https:\/\/cardis.se\/?page_id=159#breadcrumb"},"inLanguage":"sv-SE","potentialAction":[{"@type":"ReadAction","target":["https:\/\/cardis.se\/?page_id=159"]}]},{"@type":"BreadcrumbList","@id":"https:\/\/cardis.se\/?page_id=159#breadcrumb","itemListElement":[{"@type":"ListItem","position":1,"name":"Hem","item":"https:\/\/cardis.se\/"},{"@type":"ListItem","position":2,"name":"Presentationer"}]},{"@type":"WebSite","@id":"https:\/\/cardis.se\/#website","url":"https:\/\/cardis.se\/","name":"CARDIS Studien","description":"Vi hj\u00e4lper Hj\u00e4rtstopps\u00f6verlevare till ett b\u00e4ttre liv","publisher":{"@id":"https:\/\/cardis.se\/#organization"},"potentialAction":[{"@type":"SearchAction","target":{"@type":"EntryPoint","urlTemplate":"https:\/\/cardis.se\/?s={search_term_string}"},"query-input":{"@type":"PropertyValueSpecification","valueRequired":true,"valueName":"search_term_string"}}],"inLanguage":"sv-SE"},{"@type":"Organization","@id":"https:\/\/cardis.se\/#organization","name":"CARDIS Studien","url":"https:\/\/cardis.se\/","logo":{"@type":"ImageObject","inLanguage":"sv-SE","@id":"https:\/\/cardis.se\/#\/schema\/logo\/image\/","url":"https:\/\/cardis.se\/wp-content\/uploads\/2025\/11\/Cardis-logga-bild-komprimerad-3.png","contentUrl":"https:\/\/cardis.se\/wp-content\/uploads\/2025\/11\/Cardis-logga-bild-komprimerad-3.png","width":279,"height":243,"caption":"CARDIS Studien"},"image":{"@id":"https:\/\/cardis.se\/#\/schema\/logo\/image\/"}}]}},"_links":{"self":[{"href":"https:\/\/cardis.se\/index.php?rest_route=\/wp\/v2\/pages\/159","targetHints":{"allow":["GET"]}}],"collection":[{"href":"https:\/\/cardis.se\/index.php?rest_route=\/wp\/v2\/pages"}],"about":[{"href":"https:\/\/cardis.se\/index.php?rest_route=\/wp\/v2\/types\/page"}],"author":[{"embeddable":true,"href":"https:\/\/cardis.se\/index.php?rest_route=\/wp\/v2\/users\/1"}],"replies":[{"embeddable":true,"href":"https:\/\/cardis.se\/index.php?rest_route=%2Fwp%2Fv2%2Fcomments&post=159"}],"version-history":[{"count":24,"href":"https:\/\/cardis.se\/index.php?rest_route=\/wp\/v2\/pages\/159\/revisions"}],"predecessor-version":[{"id":423,"href":"https:\/\/cardis.se\/index.php?rest_route=\/wp\/v2\/pages\/159\/revisions\/423"}],"wp:attachment":[{"href":"https:\/\/cardis.se\/index.php?rest_route=%2Fwp%2Fv2%2Fmedia&parent=159"}],"curies":[{"name":"wp","href":"https:\/\/api.w.org\/{rel}","templated":true}]}}