{"id":109,"date":"2025-12-07T08:34:32","date_gmt":"2025-12-07T08:34:32","guid":{"rendered":"https:\/\/cardis.se\/?page_id=109"},"modified":"2025-12-11T07:01:30","modified_gmt":"2025-12-11T07:01:30","slug":"kontaktuppgifter","status":"publish","type":"page","link":"https:\/\/cardis.se\/?page_id=109","title":{"rendered":"Kontakt"},"content":{"rendered":"\n<p class=\"has-text-align-left\">                                       <strong>Vill du komma i kontakt med forskargruppen?<\/strong><\/p>\n\n\n\n<p class=\"has-text-align-left\">Mejla oss p\u00e5 <a href=\"mailto:kontakt@hjartstoppsoverlevare.se\">kontakt@hjartstoppsoverlevare.se<\/a><\/p>\n\n\n\n<p class=\"has-text-align-left\">                                     Forskningsteamet i CARDIS<\/p>\n\n\n\n<div class=\"wp-block-columns is-layout-flex wp-container-core-columns-is-layout-28f84493 wp-block-columns-is-layout-flex\">\n<div class=\"wp-block-column is-layout-flow wp-block-column-is-layout-flow\">\n<figure class=\"wp-block-image size-full\"><img loading=\"lazy\" decoding=\"async\" width=\"338\" height=\"403\" src=\"https:\/\/cardis.se\/wp-content\/uploads\/2025\/12\/Skarmbild-2025-12-08-161533-6.png\" alt=\"\" class=\"wp-image-356\" srcset=\"https:\/\/cardis.se\/wp-content\/uploads\/2025\/12\/Skarmbild-2025-12-08-161533-6.png 338w, https:\/\/cardis.se\/wp-content\/uploads\/2025\/12\/Skarmbild-2025-12-08-161533-6-252x300.png 252w\" sizes=\"auto, (max-width: 338px) 100vw, 338px\" \/><\/figure>\n\n\n\n<h4 class=\"wp-block-heading\">Ingela Thyl\u00e9n<\/h4>\n\n\n\n<p>Legitimerad sjuksk\u00f6terska, bitr\u00e4dande professor (projektansvarig forskare) <a href=\"mailto:ingela.thylen@liu.se\">ingela.thylen@liu.se<\/a><\/p>\n\n\n\n<p><\/p>\n\n\n\n<p><\/p>\n<\/div>\n\n\n\n<div class=\"wp-block-column is-layout-flow wp-block-column-is-layout-flow\">\n<figure class=\"wp-block-image size-full\"><img loading=\"lazy\" decoding=\"async\" width=\"335\" height=\"396\" src=\"https:\/\/cardis.se\/wp-content\/uploads\/2025\/12\/Skarmbild-2025-12-08-161554-3.png\" alt=\"\" class=\"wp-image-353\" srcset=\"https:\/\/cardis.se\/wp-content\/uploads\/2025\/12\/Skarmbild-2025-12-08-161554-3.png 335w, https:\/\/cardis.se\/wp-content\/uploads\/2025\/12\/Skarmbild-2025-12-08-161554-3-254x300.png 254w\" sizes=\"auto, (max-width: 335px) 100vw, 335px\" \/><\/figure>\n\n\n\n<h4 class=\"wp-block-heading\">Annette Waldemar<\/h4>\n\n\n\n<p>Legitimerad specialistsjuksk\u00f6terska hj\u00e4rtsjukv\u00e5rd, medicine doktor (forskare) <a href=\"mailto:annette.waldemar@liu.se\">annette.waldemar@liu.se<\/a><\/p>\n<\/div>\n\n\n\n<div class=\"wp-block-column is-layout-flow wp-block-column-is-layout-flow\">\n<figure class=\"wp-block-image size-full\"><img loading=\"lazy\" decoding=\"async\" width=\"337\" height=\"401\" src=\"https:\/\/cardis.se\/wp-content\/uploads\/2025\/12\/Skarmbild-2025-12-08-161609-5.png\" alt=\"\" class=\"wp-image-357\" srcset=\"https:\/\/cardis.se\/wp-content\/uploads\/2025\/12\/Skarmbild-2025-12-08-161609-5.png 337w, https:\/\/cardis.se\/wp-content\/uploads\/2025\/12\/Skarmbild-2025-12-08-161609-5-252x300.png 252w\" sizes=\"auto, (max-width: 337px) 100vw, 337px\" \/><\/figure>\n\n\n\n<h4 class=\"wp-block-heading\">Johan Israelsson              <\/h4>\n\n\n\n<p>Legitimerad sjuksk\u00f6terska, medicine doktor (forskare) <a href=\"mailto:johan.israelsson@regionkalmar.se\">johan.israelsson@regionkalmar.se<\/a> <\/p>\n\n\n\n<p><\/p>\n<\/div>\n\n\n\n<div class=\"wp-block-column is-layout-flow wp-block-column-is-layout-flow\">\n<figure class=\"wp-block-image size-full\"><img loading=\"lazy\" decoding=\"async\" width=\"348\" height=\"417\" src=\"https:\/\/cardis.se\/wp-content\/uploads\/2025\/12\/Skarmbild-2025-12-08-161627-9.png\" alt=\"\" class=\"wp-image-363\" srcset=\"https:\/\/cardis.se\/wp-content\/uploads\/2025\/12\/Skarmbild-2025-12-08-161627-9.png 348w, https:\/\/cardis.se\/wp-content\/uploads\/2025\/12\/Skarmbild-2025-12-08-161627-9-250x300.png 250w\" sizes=\"auto, (max-width: 348px) 100vw, 348px\" \/><\/figure>\n\n\n\n<h4 class=\"wp-block-heading\">Anders Bremer<\/h4>\n\n\n\n<p>Legitimerad specialistsjuksk\u00f6terska ambulanssjukv\u00e5rd, professor (forskare) <a href=\"mailto:anders.bremer@lnu.se\">anders.bremer@lnu.se<\/a><\/p>\n<\/div>\n\n\n\n<div class=\"wp-block-column is-layout-flow wp-block-column-is-layout-flow\">\n<figure class=\"wp-block-image size-full\"><img loading=\"lazy\" decoding=\"async\" width=\"342\" height=\"417\" src=\"https:\/\/cardis.se\/wp-content\/uploads\/2025\/12\/Skarmbild-2025-12-08-161639-3.png\" alt=\"\" class=\"wp-image-364\" srcset=\"https:\/\/cardis.se\/wp-content\/uploads\/2025\/12\/Skarmbild-2025-12-08-161639-3.png 342w, https:\/\/cardis.se\/wp-content\/uploads\/2025\/12\/Skarmbild-2025-12-08-161639-3-246x300.png 246w\" sizes=\"auto, (max-width: 342px) 100vw, 342px\" \/><\/figure>\n\n\n\n<h4 class=\"wp-block-heading\">Kristofer \u00c5restedt<\/h4>\n\n\n\n<p>Legitimerad specialistsjuksk\u00f6terska intensivv\u00e5rd, professor (forskare) <a href=\"mailto:kristofer.arestedt@lnu.se\">kristofer.arestedt@lnu.se<\/a><\/p>\n<\/div>\n<\/div>\n\n\n\n<p><\/p>\n\n\n\n<p><\/p>\n","protected":false},"excerpt":{"rendered":"<p>Vill du komma i kontakt med forskargruppen? Mejla oss p\u00e5 kontakt@hjartstoppsoverlevare.se Forskningsteamet i CARDIS Ingela Thyl\u00e9n Legitimerad sjuksk\u00f6terska, bitr\u00e4dande professor (projektansvarig forskare) ingela.thylen@liu.se Annette Waldemar&hellip;<\/p>\n","protected":false},"author":1,"featured_media":0,"parent":0,"menu_order":0,"comment_status":"closed","ping_status":"closed","template":"","meta":{"footnotes":""},"class_list":["post-109","page","type-page","status-publish","hentry"],"yoast_head":"<!-- This site is optimized with the Yoast SEO plugin v26.5 - https:\/\/yoast.com\/wordpress\/plugins\/seo\/ -->\n<title>Kontakt - CARDIS-Studien<\/title>\n<meta name=\"robots\" content=\"index, follow, max-snippet:-1, max-image-preview:large, max-video-preview:-1\" \/>\n<link rel=\"canonical\" href=\"https:\/\/cardis.se\/?page_id=109\" \/>\n<meta property=\"og:locale\" content=\"sv_SE\" \/>\n<meta property=\"og:type\" content=\"article\" \/>\n<meta property=\"og:title\" content=\"Kontakt - CARDIS-Studien\" \/>\n<meta property=\"og:description\" content=\"Vill du komma i kontakt med forskargruppen? Mejla oss p\u00e5 kontakt@hjartstoppsoverlevare.se Forskningsteamet i CARDIS Ingela Thyl\u00e9n Legitimerad sjuksk\u00f6terska, bitr\u00e4dande professor (projektansvarig forskare) ingela.thylen@liu.se Annette Waldemar&hellip;\" \/>\n<meta property=\"og:url\" content=\"https:\/\/cardis.se\/?page_id=109\" \/>\n<meta property=\"og:site_name\" content=\"CARDIS-Studien\" \/>\n<meta property=\"article:modified_time\" content=\"2025-12-11T07:01:30+00:00\" \/>\n<meta property=\"og:image\" content=\"https:\/\/cardis.se\/wp-content\/uploads\/2025\/12\/Skarmbild-2025-12-08-161533-6.png\" \/>\n\t<meta property=\"og:image:width\" content=\"338\" \/>\n\t<meta property=\"og:image:height\" content=\"403\" \/>\n\t<meta property=\"og:image:type\" content=\"image\/png\" \/>\n<meta name=\"twitter:card\" content=\"summary_large_image\" \/>\n<meta name=\"twitter:label1\" content=\"Ber\u00e4knad l\u00e4stid\" \/>\n\t<meta name=\"twitter:data1\" content=\"2 minuter\" \/>\n<script type=\"application\/ld+json\" class=\"yoast-schema-graph\">{\"@context\":\"https:\/\/schema.org\",\"@graph\":[{\"@type\":\"WebPage\",\"@id\":\"https:\/\/cardis.se\/?page_id=109\",\"url\":\"https:\/\/cardis.se\/?page_id=109\",\"name\":\"Kontakt - CARDIS-Studien\",\"isPartOf\":{\"@id\":\"https:\/\/cardis.se\/#website\"},\"primaryImageOfPage\":{\"@id\":\"https:\/\/cardis.se\/?page_id=109#primaryimage\"},\"image\":{\"@id\":\"https:\/\/cardis.se\/?page_id=109#primaryimage\"},\"thumbnailUrl\":\"https:\/\/cardis.se\/wp-content\/uploads\/2025\/12\/Skarmbild-2025-12-08-161533-6.png\",\"datePublished\":\"2025-12-07T08:34:32+00:00\",\"dateModified\":\"2025-12-11T07:01:30+00:00\",\"breadcrumb\":{\"@id\":\"https:\/\/cardis.se\/?page_id=109#breadcrumb\"},\"inLanguage\":\"sv-SE\",\"potentialAction\":[{\"@type\":\"ReadAction\",\"target\":[\"https:\/\/cardis.se\/?page_id=109\"]}]},{\"@type\":\"ImageObject\",\"inLanguage\":\"sv-SE\",\"@id\":\"https:\/\/cardis.se\/?page_id=109#primaryimage\",\"url\":\"https:\/\/cardis.se\/wp-content\/uploads\/2025\/12\/Skarmbild-2025-12-08-161533-6.png\",\"contentUrl\":\"https:\/\/cardis.se\/wp-content\/uploads\/2025\/12\/Skarmbild-2025-12-08-161533-6.png\",\"width\":338,\"height\":403},{\"@type\":\"BreadcrumbList\",\"@id\":\"https:\/\/cardis.se\/?page_id=109#breadcrumb\",\"itemListElement\":[{\"@type\":\"ListItem\",\"position\":1,\"name\":\"Hem\",\"item\":\"https:\/\/cardis.se\/\"},{\"@type\":\"ListItem\",\"position\":2,\"name\":\"Kontakt\"}]},{\"@type\":\"WebSite\",\"@id\":\"https:\/\/cardis.se\/#website\",\"url\":\"https:\/\/cardis.se\/\",\"name\":\"CARDIS Studien\",\"description\":\"Vi hj\u00e4lper Hj\u00e4rtstopps\u00f6verlevare till ett b\u00e4ttre liv\",\"publisher\":{\"@id\":\"https:\/\/cardis.se\/#organization\"},\"potentialAction\":[{\"@type\":\"SearchAction\",\"target\":{\"@type\":\"EntryPoint\",\"urlTemplate\":\"https:\/\/cardis.se\/?s={search_term_string}\"},\"query-input\":{\"@type\":\"PropertyValueSpecification\",\"valueRequired\":true,\"valueName\":\"search_term_string\"}}],\"inLanguage\":\"sv-SE\"},{\"@type\":\"Organization\",\"@id\":\"https:\/\/cardis.se\/#organization\",\"name\":\"CARDIS Studien\",\"url\":\"https:\/\/cardis.se\/\",\"logo\":{\"@type\":\"ImageObject\",\"inLanguage\":\"sv-SE\",\"@id\":\"https:\/\/cardis.se\/#\/schema\/logo\/image\/\",\"url\":\"https:\/\/cardis.se\/wp-content\/uploads\/2025\/11\/Cardis-logga-bild-komprimerad-3.png\",\"contentUrl\":\"https:\/\/cardis.se\/wp-content\/uploads\/2025\/11\/Cardis-logga-bild-komprimerad-3.png\",\"width\":279,\"height\":243,\"caption\":\"CARDIS Studien\"},\"image\":{\"@id\":\"https:\/\/cardis.se\/#\/schema\/logo\/image\/\"}}]}<\/script>\n<!-- \/ Yoast SEO plugin. -->","yoast_head_json":{"title":"Kontakt - CARDIS-Studien","robots":{"index":"index","follow":"follow","max-snippet":"max-snippet:-1","max-image-preview":"max-image-preview:large","max-video-preview":"max-video-preview:-1"},"canonical":"https:\/\/cardis.se\/?page_id=109","og_locale":"sv_SE","og_type":"article","og_title":"Kontakt - CARDIS-Studien","og_description":"Vill du komma i kontakt med forskargruppen? Mejla oss p\u00e5 kontakt@hjartstoppsoverlevare.se Forskningsteamet i CARDIS Ingela Thyl\u00e9n Legitimerad sjuksk\u00f6terska, bitr\u00e4dande professor (projektansvarig forskare) ingela.thylen@liu.se Annette Waldemar&hellip;","og_url":"https:\/\/cardis.se\/?page_id=109","og_site_name":"CARDIS-Studien","article_modified_time":"2025-12-11T07:01:30+00:00","og_image":[{"width":338,"height":403,"url":"https:\/\/cardis.se\/wp-content\/uploads\/2025\/12\/Skarmbild-2025-12-08-161533-6.png","type":"image\/png"}],"twitter_card":"summary_large_image","twitter_misc":{"Ber\u00e4knad l\u00e4stid":"2 minuter"},"schema":{"@context":"https:\/\/schema.org","@graph":[{"@type":"WebPage","@id":"https:\/\/cardis.se\/?page_id=109","url":"https:\/\/cardis.se\/?page_id=109","name":"Kontakt - CARDIS-Studien","isPartOf":{"@id":"https:\/\/cardis.se\/#website"},"primaryImageOfPage":{"@id":"https:\/\/cardis.se\/?page_id=109#primaryimage"},"image":{"@id":"https:\/\/cardis.se\/?page_id=109#primaryimage"},"thumbnailUrl":"https:\/\/cardis.se\/wp-content\/uploads\/2025\/12\/Skarmbild-2025-12-08-161533-6.png","datePublished":"2025-12-07T08:34:32+00:00","dateModified":"2025-12-11T07:01:30+00:00","breadcrumb":{"@id":"https:\/\/cardis.se\/?page_id=109#breadcrumb"},"inLanguage":"sv-SE","potentialAction":[{"@type":"ReadAction","target":["https:\/\/cardis.se\/?page_id=109"]}]},{"@type":"ImageObject","inLanguage":"sv-SE","@id":"https:\/\/cardis.se\/?page_id=109#primaryimage","url":"https:\/\/cardis.se\/wp-content\/uploads\/2025\/12\/Skarmbild-2025-12-08-161533-6.png","contentUrl":"https:\/\/cardis.se\/wp-content\/uploads\/2025\/12\/Skarmbild-2025-12-08-161533-6.png","width":338,"height":403},{"@type":"BreadcrumbList","@id":"https:\/\/cardis.se\/?page_id=109#breadcrumb","itemListElement":[{"@type":"ListItem","position":1,"name":"Hem","item":"https:\/\/cardis.se\/"},{"@type":"ListItem","position":2,"name":"Kontakt"}]},{"@type":"WebSite","@id":"https:\/\/cardis.se\/#website","url":"https:\/\/cardis.se\/","name":"CARDIS Studien","description":"Vi hj\u00e4lper Hj\u00e4rtstopps\u00f6verlevare till ett b\u00e4ttre liv","publisher":{"@id":"https:\/\/cardis.se\/#organization"},"potentialAction":[{"@type":"SearchAction","target":{"@type":"EntryPoint","urlTemplate":"https:\/\/cardis.se\/?s={search_term_string}"},"query-input":{"@type":"PropertyValueSpecification","valueRequired":true,"valueName":"search_term_string"}}],"inLanguage":"sv-SE"},{"@type":"Organization","@id":"https:\/\/cardis.se\/#organization","name":"CARDIS Studien","url":"https:\/\/cardis.se\/","logo":{"@type":"ImageObject","inLanguage":"sv-SE","@id":"https:\/\/cardis.se\/#\/schema\/logo\/image\/","url":"https:\/\/cardis.se\/wp-content\/uploads\/2025\/11\/Cardis-logga-bild-komprimerad-3.png","contentUrl":"https:\/\/cardis.se\/wp-content\/uploads\/2025\/11\/Cardis-logga-bild-komprimerad-3.png","width":279,"height":243,"caption":"CARDIS Studien"},"image":{"@id":"https:\/\/cardis.se\/#\/schema\/logo\/image\/"}}]}},"_links":{"self":[{"href":"https:\/\/cardis.se\/index.php?rest_route=\/wp\/v2\/pages\/109","targetHints":{"allow":["GET"]}}],"collection":[{"href":"https:\/\/cardis.se\/index.php?rest_route=\/wp\/v2\/pages"}],"about":[{"href":"https:\/\/cardis.se\/index.php?rest_route=\/wp\/v2\/types\/page"}],"author":[{"embeddable":true,"href":"https:\/\/cardis.se\/index.php?rest_route=\/wp\/v2\/users\/1"}],"replies":[{"embeddable":true,"href":"https:\/\/cardis.se\/index.php?rest_route=%2Fwp%2Fv2%2Fcomments&post=109"}],"version-history":[{"count":15,"href":"https:\/\/cardis.se\/index.php?rest_route=\/wp\/v2\/pages\/109\/revisions"}],"predecessor-version":[{"id":404,"href":"https:\/\/cardis.se\/index.php?rest_route=\/wp\/v2\/pages\/109\/revisions\/404"}],"wp:attachment":[{"href":"https:\/\/cardis.se\/index.php?rest_route=%2Fwp%2Fv2%2Fmedia&parent=109"}],"curies":[{"name":"wp","href":"https:\/\/api.w.org\/{rel}","templated":true}]}}