{"id":107,"date":"2025-12-07T08:33:42","date_gmt":"2025-12-07T08:33:42","guid":{"rendered":"https:\/\/cardis.se\/?page_id=107"},"modified":"2026-02-02T19:13:53","modified_gmt":"2026-02-02T18:13:53","slug":"publikationer","status":"publish","type":"page","link":"https:\/\/cardis.se\/?page_id=107","title":{"rendered":"Publikationer"},"content":{"rendered":"\n<h2 class=\"wp-block-heading\">Studieprotokoll<\/h2>\n\n\n\n<h3 class=\"wp-block-heading\"><strong>CARDIS (Cardiac ARrest DIgital Support), a web-based support intervention for cardiac arrest survivors: A study protocol.<\/strong><\/h3>\n\n\n\n<h2 class=\"wp-block-heading\">Abstrakt<\/h2>\n\n\n\n<h3 class=\"wp-block-heading\" id=\"st015\">Bakgrund<\/h3>\n\n\n\n<p>Att \u00f6verleva pl\u00f6tsligt hj\u00e4rtstopp leder ofta till l\u00e5ngsiktiga kognitiva, emotionella och fysiska konsekvenser. \u00c4ven om kliniska riktlinjer rekommenderar strukturerad uppf\u00f6ljning efter hj\u00e4rtstopp, \u00e4r s\u00e5dan uppf\u00f6ljning ofta bristf\u00e4llig eller inkonsekvent. Skr\u00e4ddarsydda digitala insatser \u00e4r s\u00e4llsynta men kan bidra till att \u00e5tg\u00e4rda brister i uppf\u00f6ljningsresurser. CARDIS-studien utv\u00e4rderar effekterna p\u00e5 patientrapporterade utfallsm\u00e5tt av ett samskapat, webbaserat st\u00f6dprogram utformat f\u00f6r att f\u00f6rb\u00e4ttra v\u00e4lbefinnande, sj\u00e4lvhantering och \u00e5terintegrering i vardagen f\u00f6r hj\u00e4rtstopps\u00f6verlevare.<\/p>\n\n\n\n<h3 class=\"wp-block-heading\" id=\"st020\">Metoder<\/h3>\n\n\n\n<p>CARDIS \u00e4r en multicenter, parallellgrupps, randomiserad kontrollerad studie som omfattar personer \u00f6ver 18 \u00e5r som drabbats av hj\u00e4rtstillest\u00e5nd. Deltagarna randomiseras 1:1 till intervention eller kontrollgrupp. B\u00e5da grupperna f\u00e5r standardv\u00e5rd efter hj\u00e4rtstillest\u00e5nd, inklusive ett rutinm\u00e4ssigt uppf\u00f6ljningsbes\u00f6k med screening och hantering av kognitiv, fysisk och emotionell h\u00e4lsa, samt en tryckt broschyr. Interventionsgruppen f\u00e5r dessutom tillg\u00e5ng till ett webbaserat sj\u00e4lvguidat st\u00f6dprogram i 3 m\u00e5nader. Efter avslutad studie kommer kontrollgrupperna att erbjudas programmet.<\/p>\n\n\n\n<h3 class=\"wp-block-heading\" id=\"st025\">Resultat<\/h3>\n\n\n\n<p>Prim\u00e4rt utfall \u00e4r \u00f6vergripande v\u00e4lbefinnande och h\u00e4lsa (QWB) efter 3 m\u00e5nader. Sekund\u00e4ra utfall inkluderar sj\u00e4lvrapporterade kognitiva problem, HRQoL, livstillfredsst\u00e4llelse, symtom p\u00e5 depression och \u00e5ngest, posttraumatisk stress, tr\u00f6tthet och s\u00f6mnst\u00f6rningar. En processutv\u00e4rdering kommer att utv\u00e4rdera social selektionsbias, f\u00f6ljsamhet och deltagarnas erfarenheter.<\/p>\n\n\n\n<p><\/p>\n\n\n\n<p><a href=\"https:\/\/kwnsfk27.r.eu-west-1.awstrack.me\/L0\/https:%2F%2Fdoi.org%2F10.1016%2Fj.resplu.2026.101235\/1\/0102019c1f1aad55-47ab9179-bcdd-46c0-b6d5-fa507200fad9-000000\/uxUQMMwAtud5nuOM7XRDnz0qS94=463\">CARDIS (Cardiac ARrest DIgital Support): study protocol for a randomised controlled trial of a web-based support intervention for cardiac arrest survivors<\/a><\/p>\n\n\n\n<h2 class=\"wp-block-heading\">Intervjustudie med \u00f6verlevare om hur de \u00f6nskar utformning av st\u00f6dprogram<\/h2>\n\n\n\n<h3 class=\"wp-block-heading\"><strong>Cardiac arrest survivors\u2019 perspectives on a web-based support and learning platform: an interview study<\/strong>.<\/h3>\n\n\n\n<p>Artikel inskickad till tidskrift, publiceras inom kort.<\/p>\n\n\n\n<p><\/p>\n","protected":false},"excerpt":{"rendered":"<p>Studieprotokoll CARDIS (Cardiac ARrest DIgital Support), a web-based support intervention for cardiac arrest survivors: A study protocol. Abstrakt Bakgrund Att \u00f6verleva pl\u00f6tsligt hj\u00e4rtstopp leder ofta&hellip;<\/p>\n","protected":false},"author":1,"featured_media":0,"parent":0,"menu_order":0,"comment_status":"closed","ping_status":"closed","template":"","meta":{"footnotes":""},"class_list":["post-107","page","type-page","status-publish","hentry"],"yoast_head":"<!-- This site is optimized with the Yoast SEO plugin v26.5 - https:\/\/yoast.com\/wordpress\/plugins\/seo\/ -->\n<title>Publikationer - CARDIS-Studien<\/title>\n<meta name=\"robots\" content=\"index, follow, max-snippet:-1, max-image-preview:large, max-video-preview:-1\" \/>\n<link rel=\"canonical\" href=\"https:\/\/cardis.se\/?page_id=107\" \/>\n<meta property=\"og:locale\" content=\"sv_SE\" \/>\n<meta property=\"og:type\" content=\"article\" \/>\n<meta property=\"og:title\" content=\"Publikationer - CARDIS-Studien\" \/>\n<meta property=\"og:description\" content=\"Studieprotokoll CARDIS (Cardiac ARrest DIgital Support), a web-based support intervention for cardiac arrest survivors: A study protocol. Abstrakt Bakgrund Att \u00f6verleva pl\u00f6tsligt hj\u00e4rtstopp leder ofta&hellip;\" \/>\n<meta property=\"og:url\" content=\"https:\/\/cardis.se\/?page_id=107\" \/>\n<meta property=\"og:site_name\" content=\"CARDIS-Studien\" \/>\n<meta property=\"article:modified_time\" content=\"2026-02-02T18:13:53+00:00\" \/>\n<meta name=\"twitter:card\" content=\"summary_large_image\" \/>\n<meta name=\"twitter:label1\" content=\"Ber\u00e4knad l\u00e4stid\" \/>\n\t<meta name=\"twitter:data1\" content=\"2 minuter\" \/>\n<script type=\"application\/ld+json\" class=\"yoast-schema-graph\">{\"@context\":\"https:\/\/schema.org\",\"@graph\":[{\"@type\":\"WebPage\",\"@id\":\"https:\/\/cardis.se\/?page_id=107\",\"url\":\"https:\/\/cardis.se\/?page_id=107\",\"name\":\"Publikationer - CARDIS-Studien\",\"isPartOf\":{\"@id\":\"https:\/\/cardis.se\/#website\"},\"datePublished\":\"2025-12-07T08:33:42+00:00\",\"dateModified\":\"2026-02-02T18:13:53+00:00\",\"breadcrumb\":{\"@id\":\"https:\/\/cardis.se\/?page_id=107#breadcrumb\"},\"inLanguage\":\"sv-SE\",\"potentialAction\":[{\"@type\":\"ReadAction\",\"target\":[\"https:\/\/cardis.se\/?page_id=107\"]}]},{\"@type\":\"BreadcrumbList\",\"@id\":\"https:\/\/cardis.se\/?page_id=107#breadcrumb\",\"itemListElement\":[{\"@type\":\"ListItem\",\"position\":1,\"name\":\"Hem\",\"item\":\"https:\/\/cardis.se\/\"},{\"@type\":\"ListItem\",\"position\":2,\"name\":\"Publikationer\"}]},{\"@type\":\"WebSite\",\"@id\":\"https:\/\/cardis.se\/#website\",\"url\":\"https:\/\/cardis.se\/\",\"name\":\"CARDIS Studien\",\"description\":\"Vi hj\u00e4lper Hj\u00e4rtstopps\u00f6verlevare till ett b\u00e4ttre liv\",\"publisher\":{\"@id\":\"https:\/\/cardis.se\/#organization\"},\"potentialAction\":[{\"@type\":\"SearchAction\",\"target\":{\"@type\":\"EntryPoint\",\"urlTemplate\":\"https:\/\/cardis.se\/?s={search_term_string}\"},\"query-input\":{\"@type\":\"PropertyValueSpecification\",\"valueRequired\":true,\"valueName\":\"search_term_string\"}}],\"inLanguage\":\"sv-SE\"},{\"@type\":\"Organization\",\"@id\":\"https:\/\/cardis.se\/#organization\",\"name\":\"CARDIS Studien\",\"url\":\"https:\/\/cardis.se\/\",\"logo\":{\"@type\":\"ImageObject\",\"inLanguage\":\"sv-SE\",\"@id\":\"https:\/\/cardis.se\/#\/schema\/logo\/image\/\",\"url\":\"https:\/\/cardis.se\/wp-content\/uploads\/2025\/11\/Cardis-logga-bild-komprimerad-3.png\",\"contentUrl\":\"https:\/\/cardis.se\/wp-content\/uploads\/2025\/11\/Cardis-logga-bild-komprimerad-3.png\",\"width\":279,\"height\":243,\"caption\":\"CARDIS Studien\"},\"image\":{\"@id\":\"https:\/\/cardis.se\/#\/schema\/logo\/image\/\"}}]}<\/script>\n<!-- \/ Yoast SEO plugin. -->","yoast_head_json":{"title":"Publikationer - CARDIS-Studien","robots":{"index":"index","follow":"follow","max-snippet":"max-snippet:-1","max-image-preview":"max-image-preview:large","max-video-preview":"max-video-preview:-1"},"canonical":"https:\/\/cardis.se\/?page_id=107","og_locale":"sv_SE","og_type":"article","og_title":"Publikationer - CARDIS-Studien","og_description":"Studieprotokoll CARDIS (Cardiac ARrest DIgital Support), a web-based support intervention for cardiac arrest survivors: A study protocol. Abstrakt Bakgrund Att \u00f6verleva pl\u00f6tsligt hj\u00e4rtstopp leder ofta&hellip;","og_url":"https:\/\/cardis.se\/?page_id=107","og_site_name":"CARDIS-Studien","article_modified_time":"2026-02-02T18:13:53+00:00","twitter_card":"summary_large_image","twitter_misc":{"Ber\u00e4knad l\u00e4stid":"2 minuter"},"schema":{"@context":"https:\/\/schema.org","@graph":[{"@type":"WebPage","@id":"https:\/\/cardis.se\/?page_id=107","url":"https:\/\/cardis.se\/?page_id=107","name":"Publikationer - CARDIS-Studien","isPartOf":{"@id":"https:\/\/cardis.se\/#website"},"datePublished":"2025-12-07T08:33:42+00:00","dateModified":"2026-02-02T18:13:53+00:00","breadcrumb":{"@id":"https:\/\/cardis.se\/?page_id=107#breadcrumb"},"inLanguage":"sv-SE","potentialAction":[{"@type":"ReadAction","target":["https:\/\/cardis.se\/?page_id=107"]}]},{"@type":"BreadcrumbList","@id":"https:\/\/cardis.se\/?page_id=107#breadcrumb","itemListElement":[{"@type":"ListItem","position":1,"name":"Hem","item":"https:\/\/cardis.se\/"},{"@type":"ListItem","position":2,"name":"Publikationer"}]},{"@type":"WebSite","@id":"https:\/\/cardis.se\/#website","url":"https:\/\/cardis.se\/","name":"CARDIS Studien","description":"Vi hj\u00e4lper Hj\u00e4rtstopps\u00f6verlevare till ett b\u00e4ttre liv","publisher":{"@id":"https:\/\/cardis.se\/#organization"},"potentialAction":[{"@type":"SearchAction","target":{"@type":"EntryPoint","urlTemplate":"https:\/\/cardis.se\/?s={search_term_string}"},"query-input":{"@type":"PropertyValueSpecification","valueRequired":true,"valueName":"search_term_string"}}],"inLanguage":"sv-SE"},{"@type":"Organization","@id":"https:\/\/cardis.se\/#organization","name":"CARDIS Studien","url":"https:\/\/cardis.se\/","logo":{"@type":"ImageObject","inLanguage":"sv-SE","@id":"https:\/\/cardis.se\/#\/schema\/logo\/image\/","url":"https:\/\/cardis.se\/wp-content\/uploads\/2025\/11\/Cardis-logga-bild-komprimerad-3.png","contentUrl":"https:\/\/cardis.se\/wp-content\/uploads\/2025\/11\/Cardis-logga-bild-komprimerad-3.png","width":279,"height":243,"caption":"CARDIS Studien"},"image":{"@id":"https:\/\/cardis.se\/#\/schema\/logo\/image\/"}}]}},"_links":{"self":[{"href":"https:\/\/cardis.se\/index.php?rest_route=\/wp\/v2\/pages\/107","targetHints":{"allow":["GET"]}}],"collection":[{"href":"https:\/\/cardis.se\/index.php?rest_route=\/wp\/v2\/pages"}],"about":[{"href":"https:\/\/cardis.se\/index.php?rest_route=\/wp\/v2\/types\/page"}],"author":[{"embeddable":true,"href":"https:\/\/cardis.se\/index.php?rest_route=\/wp\/v2\/users\/1"}],"replies":[{"embeddable":true,"href":"https:\/\/cardis.se\/index.php?rest_route=%2Fwp%2Fv2%2Fcomments&post=107"}],"version-history":[{"count":20,"href":"https:\/\/cardis.se\/index.php?rest_route=\/wp\/v2\/pages\/107\/revisions"}],"predecessor-version":[{"id":430,"href":"https:\/\/cardis.se\/index.php?rest_route=\/wp\/v2\/pages\/107\/revisions\/430"}],"wp:attachment":[{"href":"https:\/\/cardis.se\/index.php?rest_route=%2Fwp%2Fv2%2Fmedia&parent=107"}],"curies":[{"name":"wp","href":"https:\/\/api.w.org\/{rel}","templated":true}]}}